{"id":6747,"date":"2020-05-15T20:36:07","date_gmt":"2020-05-15T18:36:07","guid":{"rendered":"https:\/\/notaioseripa.it\/?page_id=6747"},"modified":"2020-05-15T20:36:07","modified_gmt":"2020-05-15T18:36:07","slug":"atti-ipotecari","status":"publish","type":"page","link":"https:\/\/notaioseripa.it\/index.php\/atti-ipotecari\/","title":{"rendered":"Atti ipotecari"},"content":{"rendered":"[vc_row type=&#8221;in_container&#8221; full_screen_row_position=&#8221;middle&#8221; column_margin=&#8221;default&#8221; column_direction=&#8221;default&#8221; column_direction_tablet=&#8221;default&#8221; column_direction_phone=&#8221;default&#8221; scene_position=&#8221;center&#8221; text_color=&#8221;dark&#8221; text_align=&#8221;left&#8221; row_border_radius=&#8221;none&#8221; row_border_radius_applies=&#8221;bg&#8221; overlay_strength=&#8221;0.3&#8243; gradient_direction=&#8221;left_to_right&#8221; shape_divider_position=&#8221;bottom&#8221; bg_image_animation=&#8221;none&#8221;][vc_column column_padding=&#8221;no-extra-padding&#8221; column_padding_tablet=&#8221;inherit&#8221; column_padding_phone=&#8221;inherit&#8221; column_padding_position=&#8221;all&#8221; background_color_opacity=&#8221;1&#8243; background_hover_color_opacity=&#8221;1&#8243; column_shadow=&#8221;none&#8221; column_border_radius=&#8221;none&#8221; column_link_target=&#8221;_self&#8221; gradient_direction=&#8221;left_to_right&#8221; overlay_strength=&#8221;0.3&#8243; width=&#8221;1\/1&#8243; tablet_width_inherit=&#8221;default&#8221; tablet_text_alignment=&#8221;default&#8221; phone_text_alignment=&#8221;default&#8221; column_border_width=&#8221;none&#8221; column_border_style=&#8221;solid&#8221; bg_image_animation=&#8221;none&#8221;][vc_column_text]Il mutuo \u00e8 un contratto con il quale una parte, detta mutuante (di solito una banca), trasferisce una determinata quantit\u00e0 di denaro a favore dell&#8217;altra, detta mutuatario, al fine che quest&#8217;ultima possa goderne per un tempo determinato a fronte del pagamento alla prima di un corrispettivo rappresentato da interessi.<\/p>\n<p>Cos\u00ec schematizzata la struttura essenziale e la funzione del contratto, si deve subito evidenziare che un mutuo in concreto \u00e8 arricchito di svariate clausole non sempre di immediata comprensione, ma necessarie a regolare tutti i rapporti tra le parti per la durata prevista: modalit\u00e0 di erogazione del mutuo, fissazione dei termini di rimborso del capitale e di pagamento degli interessi, determinazione di altre spese per gli oneri di amministrazione del contratto, disciplina e costi di estinzione anticipata, prestazione e manutenzione delle garanzie, conseguenze degli inadempimenti relativi (ritardi) e assoluti (mancato pagamento). Ciascuno di questi aspetti \u00e8 a sua volta caratterizzato da una notevole ricchezza di possibilit\u00e0 e di sfumature, frutto sia di prassi e regole moderne, sia di una meditazione dottrinale che a giusta ragione pu\u00f2 definirsi millenaria (il mutuo \u00e8 contemplato nel diritto romano classico ed \u00e8 stato oggetto di studio da parte dei giuristi bizantini, dei giuristi medievali di diritto comune, dei giuristi delle codificazioni dell&#8217;et\u00e0 moderna). Attualmente la tematica \u00e8 ulteriormente arricchita da suggestioni e novit\u00e0 provenienti da Paesi stranieri e dalla disciplina dell&#8217;Unione europea. Tutto questo rende l&#8217;idea della effettiva complessit\u00e0 della figura: il contratto di mutuo, tipico prodotto di una prestazione intellettuale, ben si presta a essere concepito come una composizione di ingegneria giuridica, in cui il lavoro di costruzione, dimensionamento e coordinamento delle diverse clausole, caratterizza il risultato nel suo complesso, e ne rende possibile una valutazione in termini di migliore (o peggiore) qualit\u00e0 e convenienza.<\/p>\n<p>I contratti di mutuo sono generalmente predisposti dalle banche; il notaio, se incaricato per tempo dal mutuatario, pu\u00f2 esercitare su di essi un controllo volto a renderli pi\u00f9 chiari e comprensibili, a individuare e suggerire soluzioni meglio adatte ai contraenti, ad eliminare clausole che possono ingenerare un non giustificato squilibrio contrattuale.<\/p>\n<p>Se la struttura di base del contratto \u00e8 quella indicata, pu\u00f2 avvenire, abbastanza di frequente, che il mutuo venga stipulato secondo una disciplina speciale, quella del &#8220;credito fondiario&#8221;. Tale disciplina oggi si distingue ben poco da quella di un mutuo ipotecario &#8220;ordinario&#8221;, discutendosi addirittura tra gli esperti quando si sia in presenza di una fattispecie oppure di un&#8217;altra; tuttavia, esistono delle differenze significative, alcune delle quali saranno evidenziate nelle schede illustrative che seguono. Non costituisce, invece, una specie particolare, il cosidetto mutuo unilaterale, diffuso nella recente prassi. La diversit\u00e0 risiede unicamente nel fatto che a recarsi dal notaio (come \u00e8 indispensabile al fine della concessione della garanzia ipotecaria) \u00e8 solo il mutuatario: questa modalit\u00e0 di perfezionamento pu\u00f2 ridurre, di fatto ed a seconda dei casi, lo spazio del notaio per esercitare la sua funzione di indirizzo e consulenza.<\/p>\n<p>Occorre fin d&#8217;ora attirare l&#8217;attenzione su un punto essenziale. Non sempre alla stipulazione del mutuo segue immediatamente la materiale disponibilit\u00e0 del denaro: a volte le banche trattengono la somma fino al momento della effettiva acquisizione della garanzia ipotecaria, cio\u00e8, in concreto (a seconda dei diversi modelli), anche per una quindicina di giorni (o pi\u00f9) dopo la stipula. Il punto \u00e8 di notevole importanza in quanto, spesso, il mutuatario ha necessit\u00e0 di disporre del denaro subito, per pagare al venditore la casa che contestualmente concede in garanzia alla banca! Un possibile rimedio consiste nell&#8217;ottenere dalla banca un finanziamento &#8220;ponte&#8221; (o &#8220;pre-finanziamento&#8221;), che copra il periodo tra la stipulazione del mutuo e il tempo necessario al consolidamento della garanzia; ma non tutte le banche sono a ci\u00f2 disponibili. Con l&#8217;assistenza del notaio si potr\u00e0, secondo i casi, cercare di contemperare per quanto possibile le opposte esigenze.<\/p>\n<p>Altra avvertenza concerne un aspetto eventuale: pu\u00f2 darsi che il mutuatario preveda che l&#8217;immobile acquistato, e concesso in ipoteca, debba essere presto rivenduto per varie esigenze (trasferimento di residenza, aumento dei componenti della famiglia con necessit\u00e0 di una casa pi\u00f9 grande, ecc.); conseguentemente fa conto di poter accollare, in conto prezzo, al futuro nuovo acquirente dell&#8217;immobile la parte del mutuo che gli resta da pagare. Ora, a parte il fatto che 1) sull&#8217;accollo deve essere d&#8217;accordo anche l&#8217;acquirente, e che, 2) a volte le banche pongono qualche ostacolo all&#8217;operazione, bisogna soprattutto ricordare che, per regola generale, 3) l&#8217;accollo non \u00e8 &#8220;liberatorio&#8221;, ma &#8220;cumulativo&#8221;: ci\u00f2 significa che, effettuato l&#8217;accollo del residuo mutuo, la banca non cambia debitore, ma ne acquisisce uno in pi\u00f9; per cui, se il nuovo acquirente per caso non riesce a pagare la banca, questa potr\u00e0 ancora avanzare pretese nei confronti dell&#8217;originario mutuatario. Per questi motivi, la attuale prassi constata un minore ricorso all&#8217;accollo: in sostanza il venditore estingue il suo mutuo, mentre l&#8217;acquirente, se necessario, ne contrae uno nuovo in proprio. Anche su questo aspetto, il notaio pu\u00f2 essere di aiuto, evidenziando le concrete alternative ed i relativi costi.[\/vc_column_text][\/vc_column][\/vc_row]\n","protected":false},"excerpt":{"rendered":"<p>[vc_row type=&#8221;in_container&#8221; full_screen_row_position=&#8221;middle&#8221; column_margin=&#8221;default&#8221; column_direction=&#8221;default&#8221; column_direction_tablet=&#8221;default&#8221; column_direction_phone=&#8221;default&#8221; scene_position=&#8221;center&#8221; text_color=&#8221;dark&#8221; text_align=&#8221;left&#8221; row_border_radius=&#8221;none&#8221; row_border_radius_applies=&#8221;bg&#8221; overlay_strength=&#8221;0.3&#8243; gradient_direction=&#8221;left_to_right&#8221; shape_divider_position=&#8221;bottom&#8221; bg_image_animation=&#8221;none&#8221;][vc_column column_padding=&#8221;no-extra-padding&#8221; column_padding_tablet=&#8221;inherit&#8221; column_padding_phone=&#8221;inherit&#8221; column_padding_position=&#8221;all&#8221; background_color_opacity=&#8221;1&#8243; background_hover_color_opacity=&#8221;1&#8243; column_shadow=&#8221;none&#8221; column_border_radius=&#8221;none&#8221; column_link_target=&#8221;_self&#8221; gradient_direction=&#8221;left_to_right&#8221; overlay_strength=&#8221;0.3&#8243; width=&#8221;1\/1&#8243; tablet_width_inherit=&#8221;default&#8221; tablet_text_alignment=&#8221;default&#8221;&#8230;<\/p>\n","protected":false},"author":1,"featured_media":0,"parent":0,"menu_order":0,"comment_status":"closed","ping_status":"closed","template":"","meta":[],"_links":{"self":[{"href":"https:\/\/notaioseripa.it\/index.php\/wp-json\/wp\/v2\/pages\/6747"}],"collection":[{"href":"https:\/\/notaioseripa.it\/index.php\/wp-json\/wp\/v2\/pages"}],"about":[{"href":"https:\/\/notaioseripa.it\/index.php\/wp-json\/wp\/v2\/types\/page"}],"author":[{"embeddable":true,"href":"https:\/\/notaioseripa.it\/index.php\/wp-json\/wp\/v2\/users\/1"}],"replies":[{"embeddable":true,"href":"https:\/\/notaioseripa.it\/index.php\/wp-json\/wp\/v2\/comments?post=6747"}],"version-history":[{"count":1,"href":"https:\/\/notaioseripa.it\/index.php\/wp-json\/wp\/v2\/pages\/6747\/revisions"}],"predecessor-version":[{"id":6748,"href":"https:\/\/notaioseripa.it\/index.php\/wp-json\/wp\/v2\/pages\/6747\/revisions\/6748"}],"wp:attachment":[{"href":"https:\/\/notaioseripa.it\/index.php\/wp-json\/wp\/v2\/media?parent=6747"}],"curies":[{"name":"wp","href":"https:\/\/api.w.org\/{rel}","templated":true}]}}